{"id":92,"date":"2020-08-04T06:12:15","date_gmt":"2020-08-04T06:12:15","guid":{"rendered":"https:\/\/insectum.at\/our-farm\/"},"modified":"2021-10-22T16:32:44","modified_gmt":"2021-10-22T15:32:44","slug":"about-us","status":"publish","type":"page","link":"https:\/\/insectum.at\/en\/about-us\/","title":{"rendered":"About Us"},"content":{"rendered":"<div data-elementor-type=\"wp-page\" data-elementor-id=\"92\" class=\"elementor elementor-92\">\n\t\t\t\t\t\t\t\t\t<section class=\"elementor-section elementor-top-section elementor-element elementor-element-6128fcf elementor-section-boxed elementor-section-height-default elementor-section-height-default\" data-id=\"6128fcf\" data-element_type=\"section\" data-settings=\"{&quot;background_background&quot;:&quot;classic&quot;}\">\n\t\t\t\t\t\t\t<div class=\"elementor-background-overlay\"><\/div>\n\t\t\t\t\t\t\t<div class=\"elementor-container elementor-column-gap-no\">\n\t\t\t\t\t<div class=\"elementor-column elementor-col-50 elementor-top-column elementor-element elementor-element-fd151ed\" data-id=\"fd151ed\" data-element_type=\"column\">\n\t\t\t<div class=\"elementor-widget-wrap elementor-element-populated\">\n\t\t\t\t\t\t\t\t<div class=\"elementor-element elementor-element-a845796 elementor-widget-divider--view-line elementor-widget elementor-widget-divider\" data-id=\"a845796\" data-element_type=\"widget\" data-widget_type=\"divider.default\">\n\t\t\t\t<div class=\"elementor-widget-container\">\n\t\t\t\t\t<div class=\"elementor-divider\">\n\t\t\t<span class=\"elementor-divider-separator\">\n\t\t\t\t\t\t<\/span>\n\t\t<\/div>\n\t\t\t\t<\/div>\n\t\t\t\t<\/div>\n\t\t\t\t<div class=\"elementor-element elementor-element-b80c507 elementor-widget elementor-widget-heading\" data-id=\"b80c507\" data-element_type=\"widget\" data-widget_type=\"heading.default\">\n\t\t\t\t<div class=\"elementor-widget-container\">\n\t\t\t<h1 class=\"elementor-heading-title elementor-size-default\">Unsere  Philisophie<\/h1>\t\t<\/div>\n\t\t\t\t<\/div>\n\t\t\t\t\t<\/div>\n\t\t<\/div>\n\t\t\t\t<div class=\"elementor-column elementor-col-50 elementor-top-column elementor-element elementor-element-e42f3a2\" data-id=\"e42f3a2\" data-element_type=\"column\">\n\t\t\t<div class=\"elementor-widget-wrap elementor-element-populated\">\n\t\t\t\t\t\t\t\t<div class=\"elementor-element elementor-element-fc6262a elementor-widget elementor-widget-text-editor\" data-id=\"fc6262a\" data-element_type=\"widget\" data-widget_type=\"text-editor.default\">\n\t\t\t\t<div class=\"elementor-widget-container\">\n\t\t\t\t\t\t\t<p><strong>Wir haben die Wahl und suchen deshalb nur die qualitativ besten Produkte f\u00fcr unsere Kunden aus.<\/strong><\/p>\t\t\t\t\t\t<\/div>\n\t\t\t\t<\/div>\n\t\t\t\t\t<\/div>\n\t\t<\/div>\n\t\t\t\t\t\t\t<\/div>\n\t\t<\/section>\n\t\t\t\t<section class=\"elementor-section elementor-top-section elementor-element elementor-element-2726884 elementor-section-boxed elementor-section-height-default elementor-section-height-default\" data-id=\"2726884\" data-element_type=\"section\">\n\t\t\t\t\t\t<div class=\"elementor-container elementor-column-gap-no\">\n\t\t\t\t\t<div class=\"elementor-column elementor-col-100 elementor-top-column elementor-element elementor-element-c6dac85\" data-id=\"c6dac85\" data-element_type=\"column\">\n\t\t\t<div class=\"elementor-widget-wrap elementor-element-populated\">\n\t\t\t\t\t\t\t\t<div class=\"elementor-element elementor-element-a6cfd48 elementor-widget elementor-widget-heading\" data-id=\"a6cfd48\" data-element_type=\"widget\" data-widget_type=\"heading.default\">\n\t\t\t\t<div class=\"elementor-widget-container\">\n\t\t\t<h6 class=\"elementor-heading-title elementor-size-default\">unsere ziele<\/h6>\t\t<\/div>\n\t\t\t\t<\/div>\n\t\t\t\t<div class=\"elementor-element elementor-element-4844185 elementor-widget-divider--view-line elementor-widget elementor-widget-divider\" data-id=\"4844185\" data-element_type=\"widget\" data-widget_type=\"divider.default\">\n\t\t\t\t<div class=\"elementor-widget-container\">\n\t\t\t\t\t<div class=\"elementor-divider\">\n\t\t\t<span class=\"elementor-divider-separator\">\n\t\t\t\t\t\t<\/span>\n\t\t<\/div>\n\t\t\t\t<\/div>\n\t\t\t\t<\/div>\n\t\t\t\t<div class=\"elementor-element elementor-element-f3bbca3 elementor-widget elementor-widget-heading\" data-id=\"f3bbca3\" data-element_type=\"widget\" data-widget_type=\"heading.default\">\n\t\t\t\t<div class=\"elementor-widget-container\">\n\t\t\t<h2 class=\"elementor-heading-title elementor-size-default\">Nur die beste Qualit\u00e4t ist gut genug<\/h2>\t\t<\/div>\n\t\t\t\t<\/div>\n\t\t\t\t<div class=\"elementor-element elementor-element-6e4cc60 elementor-widget elementor-widget-text-editor\" data-id=\"6e4cc60\" data-element_type=\"widget\" data-widget_type=\"text-editor.default\">\n\t\t\t\t<div class=\"elementor-widget-container\">\n\t\t\t\t\t\t\t<p>Richtig. <br \/>Denn wir k\u00f6nnen uns ja die Handelsprodukte aussuchen, die wir letztlich unseren Kunden anbieten wollen.\u00a0<br \/>Wenn ein Produzent den hohen Standard, den wir fordern nicht einh\u00e4lt, dann suchen wir einen anderen &#8211; passenden!<br \/>Hand drauf!<\/p>\t\t\t\t\t\t<\/div>\n\t\t\t\t<\/div>\n\t\t\t\t<div class=\"elementor-element elementor-element-f52390c elementor-widget elementor-widget-image\" data-id=\"f52390c\" data-element_type=\"widget\" data-widget_type=\"image.default\">\n\t\t\t\t<div class=\"elementor-widget-container\">\n\t\t\t\t\t\t\t\t\t\t\t\t\t\t\t<img fetchpriority=\"high\" decoding=\"async\" width=\"1024\" height=\"546\" src=\"https:\/\/insectum.at\/wp-content\/uploads\/2020\/08\/horticulturist-seeding-plants-1024x546.jpg\" class=\"attachment-large size-large wp-image-96\" alt=\"\" srcset=\"https:\/\/insectum.at\/wp-content\/uploads\/2020\/08\/horticulturist-seeding-plants-1024x546.jpg 1024w, https:\/\/insectum.at\/wp-content\/uploads\/2020\/08\/horticulturist-seeding-plants-300x160.jpg 300w, https:\/\/insectum.at\/wp-content\/uploads\/2020\/08\/horticulturist-seeding-plants-768x410.jpg 768w, https:\/\/insectum.at\/wp-content\/uploads\/2020\/08\/horticulturist-seeding-plants.jpg 1200w\" sizes=\"(max-width: 1024px) 100vw, 1024px\" \/>\t\t\t\t\t\t\t\t\t\t\t\t\t\t\t<\/div>\n\t\t\t\t<\/div>\n\t\t\t\t<section class=\"elementor-section elementor-inner-section elementor-element elementor-element-82c21c8 elementor-section-boxed elementor-section-height-default elementor-section-height-default\" data-id=\"82c21c8\" data-element_type=\"section\">\n\t\t\t\t\t\t<div class=\"elementor-container elementor-column-gap-no\">\n\t\t\t\t\t<div class=\"elementor-column elementor-col-33 elementor-inner-column elementor-element elementor-element-88f5eed\" data-id=\"88f5eed\" data-element_type=\"column\">\n\t\t\t<div class=\"elementor-widget-wrap elementor-element-populated\">\n\t\t\t\t\t\t\t\t<div class=\"elementor-element elementor-element-74c1dbf elementor-widget-divider--view-line elementor-widget elementor-widget-divider\" data-id=\"74c1dbf\" data-element_type=\"widget\" data-widget_type=\"divider.default\">\n\t\t\t\t<div class=\"elementor-widget-container\">\n\t\t\t\t\t<div class=\"elementor-divider\">\n\t\t\t<span class=\"elementor-divider-separator\">\n\t\t\t\t\t\t<\/span>\n\t\t<\/div>\n\t\t\t\t<\/div>\n\t\t\t\t<\/div>\n\t\t\t\t<div class=\"elementor-element elementor-element-b50b043 elementor-widget elementor-widget-heading\" data-id=\"b50b043\" data-element_type=\"widget\" data-widget_type=\"heading.default\">\n\t\t\t\t<div class=\"elementor-widget-container\">\n\t\t\t<h2 class=\"elementor-heading-title elementor-size-default\">Unsere Neuentdeckung<\/h2>\t\t<\/div>\n\t\t\t\t<\/div>\n\t\t\t\t\t<\/div>\n\t\t<\/div>\n\t\t\t\t<div class=\"elementor-column elementor-col-66 elementor-inner-column elementor-element elementor-element-0290361\" data-id=\"0290361\" data-element_type=\"column\">\n\t\t\t<div class=\"elementor-widget-wrap elementor-element-populated\">\n\t\t\t\t\t\t\t\t<div class=\"elementor-element elementor-element-c733df5 elementor-widget elementor-widget-text-editor\" data-id=\"c733df5\" data-element_type=\"widget\" data-widget_type=\"text-editor.default\">\n\t\t\t\t<div class=\"elementor-widget-container\">\n\t\t\t\t\t\t\t<p><strong>Bio-D\u00fcnger aus FRASS. Wir nennen ihn\u00a0<span style=\"color: #201f25;\">NOVOSOIL<sup>\u00ae <\/sup><\/span><br \/>Was\u00a0 ist FRASS, werden Sie fragen?<br \/><\/strong><\/p><p>Die Reste der Insektenlarvenpanzer, zusammen mit den Verdauungsprodukten und den verrotteten Futterresten der Larven der <strong>Black Soldier Fly<\/strong> (Schwarze Soldatenfliege &#8211; Hermetia illucens) nennt man FRASS und ergeben einen hervorragenden biologischen D\u00fcnger, welcher viel Chitin enth\u00e4lt.<\/p>\t\t\t\t\t\t<\/div>\n\t\t\t\t<\/div>\n\t\t\t\t<div class=\"elementor-element elementor-element-c6efaf6 elementor-widget elementor-widget-text-editor\" data-id=\"c6efaf6\" data-element_type=\"widget\" data-widget_type=\"text-editor.default\">\n\t\t\t\t<div class=\"elementor-widget-container\">\n\t\t\t\t\t\t\t<p><em><u>Was ist Chitin? <\/u><\/em><\/p><p>Chitin ist es ein modifiziertes Polysaccharid, das Stickstoff (N-Acetyl-D-Glucosamin) enth\u00e4lt, ein Derivat von Glucose. Es kommt h\u00e4ufig in den Au\u00dfenh\u00fcllen von Insekten und Schalentieren sowie in den Zellw\u00e4nden von Pilzen und Algen vor. Bei Vorkommen von Chitin werden die nat\u00fcrlichen Abwehrsysteme der Pflanze als Reaktion auf einen m\u00f6glichen Angriff aktiviert. Dies verringert die <span style=\"text-decoration: underline;\">Anf\u00e4lligkeit von Pflanzen f\u00fcr den Befall mit Krankheitserregern<\/span> und macht <strong>NOVOSOIL<sup>\u00ae<\/sup><\/strong><sup>\u00a0<\/sup>zu einer attraktiven Bodenverbesserung, um eine nat\u00fcrliche Abwehr gegen Sch\u00e4dlinge und Krankheiten zu gew\u00e4hrleisten.<br \/>FRASS als biologischer D\u00fcnger ist selbst bei erfahrenen G\u00e4rtnern noch nicht sehr bekannt, was nicht verwundert, denn es braucht viele Larven, um nur einen Kilogramm FRASS zu hinterlassen.<br \/>FRASS ist noch nicht besonders stark wissenschaftlich erforscht, die wenigen Analysen zeigen jedoch, dass diese Insektenverdauungsprodukte eine Abwehr von Blattl\u00e4usen und anderen Sch\u00e4dlingen darstellt und so vor allem f\u00fcr Gem\u00fcse, Rosen, aber auch erwiesener Ma\u00dfen bei Christb\u00e4umen wirkt.\u00a0<\/p><p><strong>NOVOSOIL<sup>\u00ae\u00a0<\/sup><\/strong><sup>\u00a0<\/sup>hat im Vergleich zu anderen organischen D\u00fcngemitteln eine attraktiv niedrige Feuchtigkeit von 25% und eine sehr zuverl\u00e4ssige Produktkonsistenz. Dies ist teilweise auf das hochwertige Pflanzenmaterial aus kontrolliert biologischem Anbau zur\u00fcckzuf\u00fchren, dass zur F\u00fctterung der Black Soldier Fly (BSF) verwendet wird. Infolgedessen ist <strong>NOVOSOIL<sup>\u00ae<\/sup><\/strong><sup>\u00a0<\/sup>v\u00f6llig frei von Samen, Hormonen, Antibiotika, GVO-Material und Pestiziden, Produktattributen, die f\u00fcr dieses <strong><u>organische Material<\/u><\/strong> einzigartig sind.<\/p><p><strong>NOVOSOIL<sup>\u00ae<\/sup><\/strong><sup>\u00a0<\/sup>ist somit tats\u00e4chlich 100 % \u00f6kologisch gewonnen, 100 % \u201eBIO\u201c, OHNE industrielle Beimengung von Chemikalien, somit 100% NACHHALTIG und hat aufgrund der ressourcenschonenden Zucht der BSF eine <u>\u00e4u\u00dferst positive Co2-Bilanz<\/u>!<\/p><p><strong>NOVOSOIL<sup>\u00ae<\/sup><\/strong><sup>\u00a0\u00a0<\/sup>zeigt im Vergleich zu anderen organischen Bodend\u00fcngern eine \u00e4u\u00dferst wettbewerbsf\u00e4hige Bodenverbesserung. Es hat einen hohen Gehalt an organischen Stoffen von 60% +, w\u00e4hrend sein N\u00e4hrstoffgehalt pro Tonne<\/p><ul><li>30 kg Stickstoff (N)*<\/li><li>14 kg Phosphat (P2O5)*<\/li><li>5 kg Kaliumoxid (K2O)* *) NPK 1-2-3 D\u00fcnger, bekannt als \u201eVolld\u00fcnger\u201c<\/li><li>9 kg Schwefeltrioxid (SO3)<\/li><li>2 kg Magnesiumoxid (MgO)<\/li><li>Spurenelementen Zink, Kupfer, Mangan und Eisen.<\/li><\/ul><p>betr\u00e4gt.<\/p>\t\t\t\t\t\t<\/div>\n\t\t\t\t<\/div>\n\t\t\t\t\t<\/div>\n\t\t<\/div>\n\t\t\t\t\t\t\t<\/div>\n\t\t<\/section>\n\t\t\t\t<section class=\"elementor-section elementor-inner-section elementor-element elementor-element-cfe1252 elementor-section-boxed elementor-section-height-default elementor-section-height-default\" data-id=\"cfe1252\" data-element_type=\"section\">\n\t\t\t\t\t\t<div class=\"elementor-container elementor-column-gap-no\">\n\t\t\t\t\t<div class=\"elementor-column elementor-col-33 elementor-inner-column elementor-element elementor-element-715f4c4\" data-id=\"715f4c4\" data-element_type=\"column\">\n\t\t\t<div class=\"elementor-widget-wrap elementor-element-populated\">\n\t\t\t\t\t\t\t\t<div class=\"elementor-element elementor-element-35db731 elementor-widget-divider--view-line elementor-widget elementor-widget-divider\" data-id=\"35db731\" data-element_type=\"widget\" data-widget_type=\"divider.default\">\n\t\t\t\t<div class=\"elementor-widget-container\">\n\t\t\t\t\t<div class=\"elementor-divider\">\n\t\t\t<span class=\"elementor-divider-separator\">\n\t\t\t\t\t\t<\/span>\n\t\t<\/div>\n\t\t\t\t<\/div>\n\t\t\t\t<\/div>\n\t\t\t\t<div class=\"elementor-element elementor-element-34e490e elementor-widget elementor-widget-heading\" data-id=\"34e490e\" data-element_type=\"widget\" data-widget_type=\"heading.default\">\n\t\t\t\t<div class=\"elementor-widget-container\">\n\t\t\t<h2 class=\"elementor-heading-title elementor-size-default\">Unsere Ziele<\/h2>\t\t<\/div>\n\t\t\t\t<\/div>\n\t\t\t\t\t<\/div>\n\t\t<\/div>\n\t\t\t\t<div class=\"elementor-column elementor-col-66 elementor-inner-column elementor-element elementor-element-4575208\" data-id=\"4575208\" data-element_type=\"column\">\n\t\t\t<div class=\"elementor-widget-wrap elementor-element-populated\">\n\t\t\t\t\t\t\t\t<div class=\"elementor-element elementor-element-5ab573a elementor-widget elementor-widget-text-editor\" data-id=\"5ab573a\" data-element_type=\"widget\" data-widget_type=\"text-editor.default\">\n\t\t\t\t<div class=\"elementor-widget-container\">\n\t\t\t\t\t\t\t<p><span style=\"text-decoration: underline;\">&#8222;IT&#8217;S TIME FOR A FEED REVOLUTION&#8220;<\/span><\/p><p>Eigentlich logisch!<br \/>So kann es in der Tierf\u00fctterung nicht weitergehen. Es m\u00fcssen taugliche Alternativen zum Einsatz kommen &#8211; Insektenmehl statt Fischmehl!\u00a0<\/p>\t\t\t\t\t\t<\/div>\n\t\t\t\t<\/div>\n\t\t\t\t<div class=\"elementor-element elementor-element-acd391c elementor-widget elementor-widget-text-editor\" data-id=\"acd391c\" data-element_type=\"widget\" data-widget_type=\"text-editor.default\">\n\t\t\t\t<div class=\"elementor-widget-container\">\n\t\t\t\t\t\t\t<p>Wir fischen die Weltmeere leer um unseren Zucht- und Haustieren tierisches Protein und Omega-S\u00e4uren in Form von Fischmehl zuf\u00fchren zu k\u00f6nnen, obwohl der nachhaltige und \u00f6kologische Ersatz mit vielen weiteren Vorteilen (z.B. das Entsorgungsproblem von vegetarischem Abfall) Insekten darstellen . Seit jeher DIE PROTEINQUELLE f\u00fcr alle Tiere. Die Natur hat es vorgemacht, wir brauchen es nur genauso machen!\u00a0<br \/>Jedes Jahr werden 15,8 Mio. Tonnen Fisch gefangen, um zu 4,7 Mio. Tonnen Fischmehl verarbeitet zu werden. <span style=\"text-decoration: underline;\">WOF\u00dcR? WIE LANGE KANN DAS NOCH WEITERGEHEN?<\/span><\/p><p><b>NOVOFLY<\/b><sup><b>\u00ae\u00a0<\/b> <\/sup><strong>NOVOPULP<sup>\u00ae<\/sup><\/strong> <strong>NOVOLIPID<sup>\u00ae<\/sup><\/strong> <strong>NOVOPROTEIN<sup>\u00ae <\/sup><\/strong>sind unsere Marken f\u00fcr Produkte aus Insekten, welche mithelfen, den Fischmehl Bedarf zu senken.<\/p>\t\t\t\t\t\t<\/div>\n\t\t\t\t<\/div>\n\t\t\t\t<div class=\"elementor-element elementor-element-13508ec elementor-widget elementor-widget-text-editor\" data-id=\"13508ec\" data-element_type=\"widget\" data-widget_type=\"text-editor.default\">\n\t\t\t\t<div class=\"elementor-widget-container\">\n\t\t\t\t\t\t\t<p><span style=\"text-decoration: underline;\">&#8222;TO FEED OUR PEOPLE WE MUST FIRST FEED OUR SOIL&#8220;<\/span><br \/>UM UNSERE MENSCHEN F\u00dcTTERN ZU K\u00d6NNEN, M\u00dcSSEN WIR ZUERST DEN BODEN F\u00dcTTERN<\/p><p>Eigentlich auch logisch!<br \/>Wenn wir unsere B\u00f6den mit Chemie d\u00fcngen, dann kann daraus keine chemie-freie Pflanze wachsen.<\/p>\t\t\t\t\t\t<\/div>\n\t\t\t\t<\/div>\n\t\t\t\t<div class=\"elementor-element elementor-element-bbd107d elementor-widget elementor-widget-text-editor\" data-id=\"bbd107d\" data-element_type=\"widget\" data-widget_type=\"text-editor.default\">\n\t\t\t\t<div class=\"elementor-widget-container\">\n\t\t\t\t\t\t\t<p>Wir wollen <strong>NOVOSOIL<sup>\u00ae<\/sup><\/strong><sup>\u00a0\u00a0<\/sup>als biologischen D\u00fcnger publik machen, den G\u00e4rtnern und Bauern, deren Grundlage ihre Produkte aus ihren B\u00f6den sind zeigen, dass es auch anders geht. Die Natur zeigt es uns ja vor. Man braucht nichts Neues erfinden, nur genau hinsehen. Nat\u00fcrlich sind die verf\u00fcgbaren Mengen an FRASS weltweit in sehr geringem Verh\u00e4ltnis zum gegenw\u00e4rtigen Bedarf an D\u00fcngemittel, aber f\u00fcr G\u00e4rtner und Bauern, die den Umweltgedanken ernst nehmen, ist das der erste Schritt f\u00fcr einen chemie-losen D\u00fcnger f\u00fcr ihre Pflanzen. <strong>NOVOSOIL<sup>\u00ae<\/sup><\/strong><sup> \u00a0<\/sup><\/p>\t\t\t\t\t\t<\/div>\n\t\t\t\t<\/div>\n\t\t\t\t\t<\/div>\n\t\t<\/div>\n\t\t\t\t\t\t\t<\/div>\n\t\t<\/section>\n\t\t\t\t\t<\/div>\n\t\t<\/div>\n\t\t\t\t\t\t\t<\/div>\n\t\t<\/section>\n\t\t\t\t<section class=\"elementor-section elementor-top-section elementor-element elementor-element-6d5cb9e elementor-section-content-middle elementor-section-boxed elementor-section-height-default elementor-section-height-default\" data-id=\"6d5cb9e\" data-element_type=\"section\">\n\t\t\t\t\t\t<div class=\"elementor-container elementor-column-gap-no\">\n\t\t\t\t\t<div class=\"elementor-column elementor-col-33 elementor-top-column elementor-element elementor-element-dd9139b\" data-id=\"dd9139b\" data-element_type=\"column\">\n\t\t\t<div class=\"elementor-widget-wrap elementor-element-populated\">\n\t\t\t\t\t\t\t\t<div class=\"elementor-element elementor-element-8d45f37 elementor-widget elementor-widget-image\" data-id=\"8d45f37\" data-element_type=\"widget\" data-widget_type=\"image.default\">\n\t\t\t\t<div class=\"elementor-widget-container\">\n\t\t\t\t\t\t\t\t\t\t\t\t\t\t\t<img decoding=\"async\" src=\"https:\/\/insectum.at\/wp-content\/uploads\/2021\/10\/NOVOSoil.jpg\" title=\"NOVOSoil\" alt=\"NOVOSoil\" loading=\"lazy\" \/>\t\t\t\t\t\t\t\t\t\t\t\t\t\t\t<\/div>\n\t\t\t\t<\/div>\n\t\t\t\t\t<\/div>\n\t\t<\/div>\n\t\t\t\t<div class=\"elementor-column elementor-col-66 elementor-top-column elementor-element elementor-element-ea0990b\" data-id=\"ea0990b\" data-element_type=\"column\">\n\t\t\t<div class=\"elementor-widget-wrap elementor-element-populated\">\n\t\t\t\t\t\t\t\t<div class=\"elementor-element elementor-element-f208cf0 elementor-widget elementor-widget-heading\" data-id=\"f208cf0\" data-element_type=\"widget\" data-widget_type=\"heading.default\">\n\t\t\t\t<div class=\"elementor-widget-container\">\n\t\t\t<h2 class=\"elementor-heading-title elementor-size-default\">Mit Verstand und Liebe gepflanzt<\/h2>\t\t<\/div>\n\t\t\t\t<\/div>\n\t\t\t\t<div class=\"elementor-element elementor-element-78d13bc elementor-widget elementor-widget-text-editor\" data-id=\"78d13bc\" data-element_type=\"widget\" data-widget_type=\"text-editor.default\">\n\t\t\t\t<div class=\"elementor-widget-container\">\n\t\t\t\t\t\t\t<p>&#8222;Heute ist es wichtiger denn je auf unsere B\u00f6den zu achten, was wir unseren Pflanzen f\u00fcr ihr Wachstum zuf\u00fchren, denn schlie\u00dflich ern\u00e4hren sie ja uns. Ich m\u00f6chte f\u00fcr meine Familie, Kunden und mich selbst nur gesunde, chemie-freie Pflanzen als Nahrungsgrundlage verwenden.&#8220;<\/p>\t\t\t\t\t\t<\/div>\n\t\t\t\t<\/div>\n\t\t\t\t<div class=\"elementor-element elementor-element-a4a5885 elementor-position-left elementor-vertical-align-middle elementor-widget elementor-widget-image-box\" data-id=\"a4a5885\" data-element_type=\"widget\" data-widget_type=\"image-box.default\">\n\t\t\t\t<div class=\"elementor-widget-container\">\n\t\t\t<div class=\"elementor-image-box-wrapper\"><figure class=\"elementor-image-box-img\"><img decoding=\"async\" width=\"129\" height=\"64\" src=\"https:\/\/insectum.at\/wp-content\/uploads\/2020\/08\/horticulture-founder-signature.png\" class=\"attachment-full size-full wp-image-102\" alt=\"\" \/><\/figure><div class=\"elementor-image-box-content\"><h4 class=\"elementor-image-box-title\">Wilhelm D.<\/h4><p class=\"elementor-image-box-description\">Gem\u00fcsebauer, Marchfeld<\/p><\/div><\/div>\t\t<\/div>\n\t\t\t\t<\/div>\n\t\t\t\t\t<\/div>\n\t\t<\/div>\n\t\t\t\t\t\t\t<\/div>\n\t\t<\/section>\n\t\t\t\t<section class=\"elementor-section elementor-top-section elementor-element elementor-element-7ae0d578 elementor-section-boxed elementor-section-height-default elementor-section-height-default\" data-id=\"7ae0d578\" data-element_type=\"section\" data-settings=\"{&quot;background_background&quot;:&quot;classic&quot;}\">\n\t\t\t\t\t\t\t<div class=\"elementor-background-overlay\"><\/div>\n\t\t\t\t\t\t\t<div class=\"elementor-container elementor-column-gap-no\">\n\t\t\t\t\t<div class=\"elementor-column elementor-col-100 elementor-top-column elementor-element elementor-element-5c64fe74\" data-id=\"5c64fe74\" data-element_type=\"column\">\n\t\t\t<div class=\"elementor-widget-wrap elementor-element-populated\">\n\t\t\t\t\t\t\t\t<div class=\"elementor-element elementor-element-a58df09 elementor-widget-divider--view-line elementor-widget elementor-widget-divider\" data-id=\"a58df09\" data-element_type=\"widget\" data-widget_type=\"divider.default\">\n\t\t\t\t<div class=\"elementor-widget-container\">\n\t\t\t\t\t<div class=\"elementor-divider\">\n\t\t\t<span class=\"elementor-divider-separator\">\n\t\t\t\t\t\t<\/span>\n\t\t<\/div>\n\t\t\t\t<\/div>\n\t\t\t\t<\/div>\n\t\t\t\t<div class=\"elementor-element elementor-element-1c12d983 elementor-widget elementor-widget-heading\" data-id=\"1c12d983\" data-element_type=\"widget\" data-widget_type=\"heading.default\">\n\t\t\t\t<div class=\"elementor-widget-container\">\n\t\t\t<h2 class=\"elementor-heading-title elementor-size-default\">Angebot anfordern<\/h2>\t\t<\/div>\n\t\t\t\t<\/div>\n\t\t\t\t<div class=\"elementor-element elementor-element-76b8bedc elementor-widget elementor-widget-text-editor\" data-id=\"76b8bedc\" data-element_type=\"widget\" data-widget_type=\"text-editor.default\">\n\t\t\t\t<div class=\"elementor-widget-container\">\n\t\t\t\t\t\t\t<p>Wir verkaufen nur Gro\u00dfhandelsmengen ab 500 kg an Wiederverk\u00e4ufer und Abf\u00fcller.<\/p>\t\t\t\t\t\t<\/div>\n\t\t\t\t<\/div>\n\t\t\t\t\t<\/div>\n\t\t<\/div>\n\t\t\t\t\t\t\t<\/div>\n\t\t<\/section>\n\t\t\t\t\t\t\t<\/div>","protected":false},"excerpt":{"rendered":"<p>Unsere Philisophie Wir haben die Wahl und suchen deshalb nur die qualitativ besten Produkte f\u00fcr unsere Kunden aus. unsere ziele Nur die beste Qualit\u00e4t ist gut genug Richtig. Denn wir k\u00f6nnen uns ja die Handelsprodukte aussuchen, die wir letztlich unseren Kunden anbieten wollen.\u00a0Wenn ein Produzent den hohen Standard, den wir fordern nicht einh\u00e4lt, dann suchen [&hellip;]<\/p>","protected":false},"author":2,"featured_media":0,"parent":0,"menu_order":0,"comment_status":"closed","ping_status":"closed","template":"","meta":{"site-sidebar-layout":"no-sidebar","site-content-layout":"page-builder","ast-site-content-layout":"default","site-content-style":"default","site-sidebar-style":"default","ast-global-header-display":"","ast-banner-title-visibility":"","ast-main-header-display":"","ast-hfb-above-header-display":"","ast-hfb-below-header-display":"","ast-hfb-mobile-header-display":"","site-post-title":"disabled","ast-breadcrumbs-content":"","ast-featured-img":"disabled","footer-sml-layout":"","ast-disable-related-posts":"","theme-transparent-header-meta":"enabled","adv-header-id-meta":"","stick-header-meta":"","header-above-stick-meta":"","header-main-stick-meta":"","header-below-stick-meta":"","astra-migrate-meta-layouts":"default","ast-page-background-enabled":"default","ast-page-background-meta":{"desktop":{"background-color":"","background-image":"","background-repeat":"repeat","background-position":"center center","background-size":"auto","background-attachment":"scroll","background-type":"","background-media":"","overlay-type":"","overlay-color":"","overlay-opacity":"","overlay-gradient":""},"tablet":{"background-color":"","background-image":"","background-repeat":"repeat","background-position":"center center","background-size":"auto","background-attachment":"scroll","background-type":"","background-media":"","overlay-type":"","overlay-color":"","overlay-opacity":"","overlay-gradient":""},"mobile":{"background-color":"","background-image":"","background-repeat":"repeat","background-position":"center center","background-size":"auto","background-attachment":"scroll","background-type":"","background-media":"","overlay-type":"","overlay-color":"","overlay-opacity":"","overlay-gradient":""}},"ast-content-background-meta":{"desktop":{"background-color":"var(--ast-global-color-5)","background-image":"","background-repeat":"repeat","background-position":"center center","background-size":"auto","background-attachment":"scroll","background-type":"","background-media":"","overlay-type":"","overlay-color":"","overlay-opacity":"","overlay-gradient":""},"tablet":{"background-color":"var(--ast-global-color-5)","background-image":"","background-repeat":"repeat","background-position":"center center","background-size":"auto","background-attachment":"scroll","background-type":"","background-media":"","overlay-type":"","overlay-color":"","overlay-opacity":"","overlay-gradient":""},"mobile":{"background-color":"var(--ast-global-color-5)","background-image":"","background-repeat":"repeat","background-position":"center center","background-size":"auto","background-attachment":"scroll","background-type":"","background-media":"","overlay-type":"","overlay-color":"","overlay-opacity":"","overlay-gradient":""}},"footnotes":""},"class_list":["post-92","page","type-page","status-publish","hentry"],"_links":{"self":[{"href":"https:\/\/insectum.at\/en\/wp-json\/wp\/v2\/pages\/92","targetHints":{"allow":["GET"]}}],"collection":[{"href":"https:\/\/insectum.at\/en\/wp-json\/wp\/v2\/pages"}],"about":[{"href":"https:\/\/insectum.at\/en\/wp-json\/wp\/v2\/types\/page"}],"author":[{"embeddable":true,"href":"https:\/\/insectum.at\/en\/wp-json\/wp\/v2\/users\/2"}],"replies":[{"embeddable":true,"href":"https:\/\/insectum.at\/en\/wp-json\/wp\/v2\/comments?post=92"}],"version-history":[{"count":35,"href":"https:\/\/insectum.at\/en\/wp-json\/wp\/v2\/pages\/92\/revisions"}],"predecessor-version":[{"id":549,"href":"https:\/\/insectum.at\/en\/wp-json\/wp\/v2\/pages\/92\/revisions\/549"}],"wp:attachment":[{"href":"https:\/\/insectum.at\/en\/wp-json\/wp\/v2\/media?parent=92"}],"curies":[{"name":"wp","href":"https:\/\/api.w.org\/{rel}","templated":true}]}}